{"id":790,"date":"2026-03-11T14:11:41","date_gmt":"2026-03-11T14:11:41","guid":{"rendered":"https:\/\/ippubliart.com\/congresomeme\/contact\/"},"modified":"2026-03-31T17:45:49","modified_gmt":"2026-03-31T17:45:49","slug":"registro-conferencista","status":"publish","type":"page","link":"https:\/\/ippubliart.com\/congresomeme\/registro-conferencista\/","title":{"rendered":"Registro de Conferencista"},"content":{"rendered":"\n<div id=\"registro\" class=\"wp-block-uagb-container uagb-block-e466adf9 alignfull uagb-is-root-container\"><div class=\"uagb-container-inner-blocks-wrap\">\n<div class=\"wp-block-uagb-container uagb-block-89d7fd72\">\n<div class=\"wp-block-uagb-image uagb-block-34d7da9d wp-block-uagb-image--layout-default wp-block-uagb-image--effect-static wp-block-uagb-image--align-none\"><figure class=\"wp-block-uagb-image__figure\"><img decoding=\"async\" srcset=\"https:\/\/ippubliart.com\/congresomeme\/wp-content\/uploads\/2026\/03\/MEME-VALERA-24-Logo-1-1024x694.png ,https:\/\/ippubliart.com\/congresomeme\/wp-content\/uploads\/2026\/03\/MEME-VALERA-24-Logo-1.png 780w, https:\/\/ippubliart.com\/congresomeme\/wp-content\/uploads\/2026\/03\/MEME-VALERA-24-Logo-1.png 360w\" sizes=\"auto, (max-width: 480px) 150px\" src=\"https:\/\/ippubliart.com\/congresomeme\/wp-content\/uploads\/2026\/03\/MEME-VALERA-24-Logo-1-1024x694.png\" alt=\"\" class=\"uag-image-872\" width=\"1024\" height=\"694\" title=\"MEME VALERA 24 - Logo (1)\" loading=\"lazy\" role=\"img\"\/><\/figure><\/div>\n\n\n\n<div class=\"wp-block-uagb-advanced-heading uagb-block-06543521\"><div class=\"uagb-heading-text\">Registro de Conferencista<\/div><p class=\"uagb-desc-text\">Nacido en 2019 en M\u00e9rida.<br>Como una conversaci\u00f3n entre amigos, MEME se ha consolidado como un encuentro organizado por apasionados que comparten ideas, contenidos y conferencias transformadoras. <\/p><div class=\"uagb-separator\"><\/div><\/div>\n\n\n\n<div class=\"wp-block-uagb-advanced-heading uagb-block-95c697d5\"><div class=\"uagb-heading-text\">Env\u00edanos un mensaje<\/div><p class=\"uagb-desc-text\">Aqu\u00ed le mostramos c\u00f3mo puede comunicarse con nosotros para cualquier pregunta o inquietud.<br><strong>info@gentequeinspira.com.ve<\/strong><br><strong>gonzalezkatiuska04@gmail.com<\/strong><br><strong>0271 \u2013 231.25.08<br>0414 \u2013 729.69.49<\/strong><\/p><div class=\"uagb-separator\"><\/div><\/div>\n<\/div>\n\n\n\n<div class=\"wp-block-uagb-container uagb-block-ac01ea92\"><div class=\"wpforms-container wpforms-container-full wpforms-render-modern\" id=\"wpforms-1045\"><form id=\"wpforms-form-1045\" class=\"wpforms-validate wpforms-form wpforms-ajax-form\" data-formid=\"1045\" method=\"post\" enctype=\"multipart\/form-data\" action=\"\/congresomeme\/wp-json\/wp\/v2\/pages\/790\" data-token=\"59c6225545f2b5947413b9defc57ea8b\" data-token-time=\"1776109966\"><noscript class=\"wpforms-error-noscript\">Por favor, activa JavaScript en tu navegador para completar este formulario.<\/noscript><div class=\"wpforms-hidden\" id=\"wpforms-error-noscript\">Por favor, activa JavaScript en tu navegador para completar este formulario.<\/div><div class=\"wpforms-page-indicator circles\" data-indicator=\"circles\" data-indicator-color=\"#066aab\" data-scroll=\"1\" role=\"progressbar\" aria-valuenow=\"1\" aria-valuemin=\"1\" aria-valuemax=\"2\" tabindex=\"-1\"><div class=\"wpforms-page-indicator-page active wpforms-page-indicator-page-1\"><span class=\"wpforms-page-indicator-page-number\" style=\"background-color:#066aab\">1<\/span><\/div><div class=\"wpforms-page-indicator-page  wpforms-page-indicator-page-2\"><span class=\"wpforms-page-indicator-page-number\">2<\/span><\/div><\/div><div class=\"wpforms-field-container\"><div class=\"wpforms-page wpforms-page-1 \" data-page=\"1\"><div id=\"wpforms-1045-field_18-container\" class=\"wpforms-field wpforms-field-pagebreak\" data-field-id=\"18\"><\/div><div id=\"wpforms-1045-field_1-container\" class=\"wpforms-field wpforms-field-name\" data-field-id=\"1\"><fieldset><legend class=\"wpforms-field-label\">Conferencista <span class=\"wpforms-required-label\" aria-hidden=\"true\">*<\/span><\/legend><div class=\"wpforms-field-row wpforms-field-large\"><div class=\"wpforms-field-row-block wpforms-first wpforms-one-half\"><input type=\"text\" id=\"wpforms-1045-field_1\" class=\"wpforms-field-name-first wpforms-field-required\" name=\"wpforms[fields][1][first]\" aria-errormessage=\"wpforms-1045-field_1-error\" required><label for=\"wpforms-1045-field_1\" class=\"wpforms-field-sublabel after\">Nombre<\/label><\/div><div class=\"wpforms-field-row-block wpforms-one-half\"><input type=\"text\" id=\"wpforms-1045-field_1-last\" class=\"wpforms-field-name-last wpforms-field-required\" name=\"wpforms[fields][1][last]\" aria-errormessage=\"wpforms-1045-field_1-last-error\" required><label for=\"wpforms-1045-field_1-last\" class=\"wpforms-field-sublabel after\">Apellidos<\/label><\/div><\/div><\/fieldset><\/div><div id=\"wpforms-1045-field_2-container\" class=\"wpforms-field wpforms-field-layout\" data-field-id=\"2\"><label class=\"wpforms-field-label wpforms-label-hide\" aria-hidden=\"false\">Layout<\/label><div class=\"wpforms-field-layout-rows wpforms-field-large\"><div class=\"wpforms-layout-row\"><div class=\"wpforms-layout-column wpforms-layout-column-50\"><div id=\"wpforms-1045-field_3-container\" class=\"wpforms-field wpforms-field-email\" data-field-id=\"3\"><label class=\"wpforms-field-label\" for=\"wpforms-1045-field_3\">Correo electr\u00f3nico <span class=\"wpforms-required-label\" aria-hidden=\"true\">*<\/span><\/label><input type=\"email\" id=\"wpforms-1045-field_3\" class=\"wpforms-field-medium wpforms-field-required\" name=\"wpforms[fields][3]\" spellcheck=\"false\" aria-errormessage=\"wpforms-1045-field_3-error\" required><\/div><\/div><div class=\"wpforms-layout-column wpforms-layout-column-50\"><div id=\"wpforms-1045-field_4-container\" class=\"wpforms-field wpforms-field-text\" data-field-id=\"4\"><label class=\"wpforms-field-label\" for=\"wpforms-1045-field_4\">Usuario de Instagram <span class=\"wpforms-required-label\" aria-hidden=\"true\">*<\/span><\/label><input type=\"text\" id=\"wpforms-1045-field_4\" class=\"wpforms-field-medium wpforms-field-required\" name=\"wpforms[fields][4]\" aria-errormessage=\"wpforms-1045-field_4-error\" required><\/div><\/div><\/div><div class=\"wpforms-layout-row\"><div class=\"wpforms-layout-column wpforms-layout-column-50\"><div id=\"wpforms-1045-field_5-container\" class=\"wpforms-field wpforms-field-text\" data-field-id=\"5\"><label class=\"wpforms-field-label\" for=\"wpforms-1045-field_5\">T\u00edtulo de tu Ponencia <span class=\"wpforms-required-label\" aria-hidden=\"true\">*<\/span><\/label><input type=\"text\" id=\"wpforms-1045-field_5\" class=\"wpforms-field-medium wpforms-field-required\" name=\"wpforms[fields][5]\" aria-errormessage=\"wpforms-1045-field_5-error\" required><\/div><\/div><div class=\"wpforms-layout-column wpforms-layout-column-50\"><div id=\"wpforms-1045-field_6-container\" class=\"wpforms-field wpforms-field-textarea\" data-field-id=\"6\"><label class=\"wpforms-field-label\" for=\"wpforms-1045-field_6\">Breve descripcion de tu Ponencia <span class=\"wpforms-required-label\" aria-hidden=\"true\">*<\/span><\/label><textarea id=\"wpforms-1045-field_6\" class=\"wpforms-field-medium wpforms-field-required\" name=\"wpforms[fields][6]\" aria-errormessage=\"wpforms-1045-field_6-error\" required><\/textarea><\/div><\/div><\/div><\/div><\/div><div id=\"wpforms-1045-field_17-container\" class=\"wpforms-field wpforms-field-pagebreak\" data-field-id=\"17\"><div class=\"wpforms-clear wpforms-pagebreak-left\"><button class=\"wpforms-page-button wpforms-page-next wpforms-disabled\"\n\t\t\t\t\tdata-action=\"next\" data-page=\"1\" data-formid=\"1045\" aria-disabled=\"true\" aria-describedby=\"wpforms-error-noscript\">Siguiente<\/button><\/div><\/div><\/div><div class=\"wpforms-page wpforms-page-2 last \" data-page=\"2\" style=\"display:none;\"><div id=\"wpforms-1045-field_20-container\" class=\"wpforms-field wpforms-field-layout\" data-field-id=\"20\"><label class=\"wpforms-field-label wpforms-label-hide\" aria-hidden=\"false\">Informaci\u00f3n Complementaria<\/label><div class=\"wpforms-field-layout-rows wpforms-field-large\"><div class=\"wpforms-layout-row\"><div class=\"wpforms-layout-column wpforms-layout-column-50\"><div id=\"wpforms-1045-field_23-container\" class=\"wpforms-field wpforms-field-select wpforms-field-select-style-classic\" data-field-id=\"23\"><label class=\"wpforms-field-label\" for=\"wpforms-1045-field_23\">\u00bfIncluir\u00e1 videos dentro de tu ponencia? <span class=\"wpforms-required-label\" aria-hidden=\"true\">*<\/span><\/label><select id=\"wpforms-1045-field_23\" class=\"wpforms-field-medium wpforms-field-required\" name=\"wpforms[fields][23]\" required=\"required\"><option value=\"Seleccione opci\u00f3n\" >Seleccione opci\u00f3n<\/option><option value=\"Si\" >Si<\/option><option value=\"No\" >No<\/option><\/select><\/div><\/div><div class=\"wpforms-layout-column wpforms-layout-column-50\"><div id=\"wpforms-1045-field_29-container\" class=\"wpforms-field wpforms-field-select wpforms-field-select-style-classic\" data-field-id=\"29\"><label class=\"wpforms-field-label\" for=\"wpforms-1045-field_29\">\u00bfCon cu\u00e1l micr\u00f3fono te sientes m\u00e1s c\u00f3modo? <span class=\"wpforms-required-label\" aria-hidden=\"true\">*<\/span><\/label><select id=\"wpforms-1045-field_29\" class=\"wpforms-field-medium wpforms-field-required\" name=\"wpforms[fields][29]\" required=\"required\"><option value=\"Seleccione opci\u00f3n\" >Seleccione opci\u00f3n<\/option><option value=\"Barquilla\" >Barquilla<\/option><option value=\"Cintillo\" >Cintillo<\/option><option value=\"Es indiferente\" >Es indiferente<\/option><\/select><\/div><\/div><\/div><div class=\"wpforms-layout-row\"><div class=\"wpforms-layout-column wpforms-layout-column-50\"><div id=\"wpforms-1045-field_24-container\" class=\"wpforms-field wpforms-field-select wpforms-conditional-trigger wpforms-field-select-style-classic\" data-field-id=\"24\"><label class=\"wpforms-field-label\" for=\"wpforms-1045-field_24\">\u00bfTienes alguna din\u00e1mica especial dentro de tu ponencia?  <span class=\"wpforms-required-label\" aria-hidden=\"true\">*<\/span><\/label><select id=\"wpforms-1045-field_24\" class=\"wpforms-field-medium wpforms-field-required\" name=\"wpforms[fields][24]\" required=\"required\"><option value=\"Seleccione opci\u00f3n\" >Seleccione opci\u00f3n<\/option><option value=\"Si\" >Si<\/option><option value=\"No\" >No<\/option><\/select><\/div><\/div><div class=\"wpforms-layout-column wpforms-layout-column-50\"><div id=\"wpforms-1045-field_30-container\" class=\"wpforms-field wpforms-field-textarea wpforms-conditional-field wpforms-conditional-show\" data-field-id=\"30\" style=\"display:none;\"><label class=\"wpforms-field-label\" for=\"wpforms-1045-field_30\">Breve descripcion  din\u00e1mica especial dentro de tu ponencia.<\/label><textarea id=\"wpforms-1045-field_30\" class=\"wpforms-field-medium\" name=\"wpforms[fields][30]\" aria-errormessage=\"wpforms-1045-field_30-error\" ><\/textarea><\/div><\/div><\/div><div class=\"wpforms-layout-row\"><div class=\"wpforms-layout-column wpforms-layout-column-50\"><div id=\"wpforms-1045-field_25-container\" class=\"wpforms-field wpforms-field-select wpforms-conditional-trigger wpforms-field-select-style-classic\" data-field-id=\"25\"><label class=\"wpforms-field-label\" for=\"wpforms-1045-field_25\">\u00bfEres al\u00e9rgico o intolerante a alg\u00fan alimento o bebida? <span class=\"wpforms-required-label\" aria-hidden=\"true\">*<\/span><\/label><select id=\"wpforms-1045-field_25\" class=\"wpforms-field-medium wpforms-field-required\" name=\"wpforms[fields][25]\" required=\"required\"><option value=\"Seleccione opci\u00f3n\" >Seleccione opci\u00f3n<\/option><option value=\"Si\" >Si<\/option><option value=\"No\" >No<\/option><\/select><\/div><\/div><div class=\"wpforms-layout-column wpforms-layout-column-50\"><div id=\"wpforms-1045-field_31-container\" class=\"wpforms-field wpforms-field-textarea wpforms-conditional-field wpforms-conditional-show\" data-field-id=\"31\" style=\"display:none;\"><label class=\"wpforms-field-label\" for=\"wpforms-1045-field_31\">De ser SI al\u00e9rgico o intolerante a alg\u00fan alimento o bebida, por favor explicar con detalles.<\/label><textarea id=\"wpforms-1045-field_31\" class=\"wpforms-field-medium\" name=\"wpforms[fields][31]\" aria-errormessage=\"wpforms-1045-field_31-error\" ><\/textarea><\/div><\/div><\/div><div class=\"wpforms-layout-row\"><div class=\"wpforms-layout-column wpforms-layout-column-50\"><div id=\"wpforms-1045-field_26-container\" class=\"wpforms-field wpforms-field-select wpforms-conditional-trigger wpforms-field-select-style-classic\" data-field-id=\"26\"><label class=\"wpforms-field-label\" for=\"wpforms-1045-field_26\">\u00bfAsistir\u00e1s solo o con alg\u00fan acompa\u00f1ante a nuestra edici\u00f3n? <span class=\"wpforms-required-label\" aria-hidden=\"true\">*<\/span><\/label><select id=\"wpforms-1045-field_26\" class=\"wpforms-field-medium wpforms-field-required\" name=\"wpforms[fields][26]\" required=\"required\"><option value=\"Seleccione opci\u00f3n\" >Seleccione opci\u00f3n<\/option><option value=\"Si\" >Si<\/option><option value=\"No\" >No<\/option><\/select><\/div><\/div><div class=\"wpforms-layout-column wpforms-layout-column-50\"><div id=\"wpforms-1045-field_32-container\" class=\"wpforms-field wpforms-field-textarea wpforms-conditional-field wpforms-conditional-show\" data-field-id=\"32\" style=\"display:none;\"><label class=\"wpforms-field-label\" for=\"wpforms-1045-field_32\">Incluir Datos del Acompa\u00f1ante (Nombres, Apellidos, N\u00b0 de Contacto, u otro dato de interes para el evento)<\/label><textarea id=\"wpforms-1045-field_32\" class=\"wpforms-field-medium\" name=\"wpforms[fields][32]\" aria-errormessage=\"wpforms-1045-field_32-error\" ><\/textarea><\/div><\/div><\/div><div class=\"wpforms-layout-row\"><div class=\"wpforms-layout-column wpforms-layout-column-50\"><div id=\"wpforms-1045-field_35-container\" class=\"wpforms-field wpforms-field-select wpforms-conditional-trigger wpforms-field-select-style-classic\" data-field-id=\"35\"><label class=\"wpforms-field-label\" for=\"wpforms-1045-field_35\">Nos Indica la Talla de Franela <span class=\"wpforms-required-label\" aria-hidden=\"true\">*<\/span><\/label><select id=\"wpforms-1045-field_35\" class=\"wpforms-field-medium wpforms-field-required\" name=\"wpforms[fields][35]\" required=\"required\"><option value=\"Seleccione su Opci\u00f3n\" >Seleccione su Opci\u00f3n<\/option><option value=\"S\" >S<\/option><option value=\"M\" >M<\/option><option value=\"L\" >L<\/option><option value=\"XL\" >XL<\/option><option value=\"XXL\" >XXL<\/option><option value=\"XXXL\" >XXXL<\/option><option value=\"Otra Talla\" >Otra Talla<\/option><\/select><\/div><\/div><div class=\"wpforms-layout-column wpforms-layout-column-50\"><div id=\"wpforms-1045-field_36-container\" class=\"wpforms-field wpforms-field-textarea wpforms-conditional-field wpforms-conditional-show\" data-field-id=\"36\" style=\"display:none;\"><label class=\"wpforms-field-label\" for=\"wpforms-1045-field_36\">Indique su Talla de Preferencia<\/label><textarea id=\"wpforms-1045-field_36\" class=\"wpforms-field-medium\" name=\"wpforms[fields][36]\" aria-errormessage=\"wpforms-1045-field_36-error\" ><\/textarea><\/div><\/div><\/div><\/div><\/div><div id=\"wpforms-1045-field_15-container\" class=\"wpforms-field wpforms-field-radio\" data-field-id=\"15\"><fieldset><legend class=\"wpforms-field-label wpforms-label-hide\" aria-hidden=\"false\">Opciones m\u00faltiples <span class=\"wpforms-required-label\" aria-hidden=\"true\">*<\/span><\/legend><ul id=\"wpforms-1045-field_15\" class=\"wpforms-field-required\"><li class=\"choice-1 depth-1\"><input type=\"radio\" id=\"wpforms-1045-field_15_1\" name=\"wpforms[fields][15]\" value=\"Declaro que la informaci\u00f3n proporcionada es correcta y confirmo mi inter\u00e9s en participar en el Congreso MEME 2026.\" aria-errormessage=\"wpforms-1045-field_15_1-error\" required ><label class=\"wpforms-field-label-inline\" for=\"wpforms-1045-field_15_1\">Declaro que la informaci\u00f3n proporcionada es correcta y confirmo mi inter\u00e9s en participar en el Congreso MEME 2026.<\/label><\/li><\/ul><\/fieldset><\/div><div id=\"wpforms-1045-field_19-container\" class=\"wpforms-field wpforms-field-pagebreak\" data-field-id=\"19\"><\/div><\/div><\/div><!-- .wpforms-field-container --><div class=\"wpforms-submit-container\" style=\"display:none;\"><input type=\"hidden\" name=\"wpforms[id]\" value=\"1045\"><input type=\"hidden\" name=\"page_title\" value=\"\"><input type=\"hidden\" name=\"page_url\" value=\"https:\/\/ippubliart.com\/congresomeme\/wp-json\/wp\/v2\/pages\/790\"><button type=\"submit\" name=\"wpforms[submit]\" id=\"wpforms-submit-1045\" class=\"wpforms-submit\" data-alt-text=\"Enviando...\" data-submit-text=\"Enviar\" aria-live=\"assertive\" value=\"wpforms-submit\">Enviar<\/button><img loading=\"lazy\" decoding=\"async\" src=\"https:\/\/ippubliart.com\/congresomeme\/wp-content\/plugins\/wpforms\/assets\/images\/submit-spin.svg\" class=\"wpforms-submit-spinner\" style=\"display: none;\" width=\"26\" height=\"26\" alt=\"Cargando\"><\/div><\/form><\/div>  <!-- .wpforms-container -->\n<\/div>\n<\/div><\/div>\n\n\n\n<div class=\"wp-block-uagb-container uagb-block-a7a37dc1 alignfull uagb-is-root-container\"><div class=\"uagb-container-inner-blocks-wrap\">\n<div class=\"wp-block-uagb-container uagb-block-8060ad8e\">\n<div class=\"wp-block-uagb-info-box uagb-block-4b1271c6 uagb-infobox__content-wrap  uagb-infobox-icon-above-title uagb-infobox-image-valign-top\"><div class=\"uagb-ifb-content\"><div class=\"uagb-ifb-title-wrap\"><span class=\"uagb-ifb-title-prefix\">Con\u00e9ctate con Nosotros<\/span><h2 class=\"uagb-ifb-title\">\u00danete a Nuestra Comunidad de Innovadores<\/h2><\/div><p class=\"uagb-ifb-desc\">No te pierdas la oportunidad de crecer profesionalmente. Inscr\u00edbete y comienza tu camino hacia el \u00e9xito.<\/p><\/div><\/div>\n\n\n\n<div class=\"wp-block-uagb-buttons uagb-buttons__outer-wrap uagb-btn__default-btn uagb-btn-tablet__default-btn uagb-btn-mobile__default-btn uagb-block-0cfafb39\"><div class=\"uagb-buttons__wrap uagb-buttons-layout-wrap \">\n<div class=\"wp-block-uagb-buttons-child uagb-buttons__outer-wrap uagb-block-2cdc31c0 wp-block-button\"><div class=\"uagb-button__wrapper\"><a class=\"uagb-buttons-repeater wp-block-button__link\" aria-label=\"\" href=\"https:\/\/ippubliart.com\/congresomeme\/#comprar-entradas\" rel=\"follow noopener\" target=\"_self\" role=\"button\"><div class=\"uagb-button__link\">\ud83c\udf1f Vive la experiencia<\/div><\/a><\/div><\/div>\n<\/div><\/div>\n<\/div>\n<\/div><\/div>\n","protected":false},"excerpt":{"rendered":"<p>Registro de Conferencista Nacido en 2019 en M\u00e9rida.Como una conversaci\u00f3n entre amigos, MEME se ha consolidado como un encuentro organizado [&hellip;]<\/p>\n","protected":false},"author":1,"featured_media":0,"parent":0,"menu_order":0,"comment_status":"closed","ping_status":"closed","template":"","meta":{"_uag_custom_page_level_css":"","site-sidebar-layout":"no-sidebar","site-content-layout":"plain-container","ast-site-content-layout":"normal-width-container","site-content-style":"unboxed","site-sidebar-style":"unboxed","ast-global-header-display":"","ast-banner-title-visibility":"","ast-main-header-display":"","ast-hfb-above-header-display":"","ast-hfb-below-header-display":"","ast-hfb-mobile-header-display":"","site-post-title":"disabled","ast-breadcrumbs-content":"","ast-featured-img":"","footer-sml-layout":"","ast-disable-related-posts":"","theme-transparent-header-meta":"default","adv-header-id-meta":"","stick-header-meta":"","header-above-stick-meta":"","header-main-stick-meta":"","header-below-stick-meta":"","astra-migrate-meta-layouts":"set","ast-page-background-enabled":"default","ast-page-background-meta":{"desktop":{"background-color":"var(--ast-global-color-4)","background-image":"","background-repeat":"repeat","background-position":"center center","background-size":"auto","background-attachment":"scroll","background-type":"","background-media":"","overlay-type":"","overlay-color":"","overlay-opacity":"","overlay-gradient":""},"tablet":{"background-color":"","background-image":"","background-repeat":"repeat","background-position":"center center","background-size":"auto","background-attachment":"scroll","background-type":"","background-media":"","overlay-type":"","overlay-color":"","overlay-opacity":"","overlay-gradient":""},"mobile":{"background-color":"","background-image":"","background-repeat":"repeat","background-position":"center center","background-size":"auto","background-attachment":"scroll","background-type":"","background-media":"","overlay-type":"","overlay-color":"","overlay-opacity":"","overlay-gradient":""}},"ast-content-background-meta":{"desktop":{"background-color":"var(--ast-global-color-5)","background-image":"","background-repeat":"repeat","background-position":"center center","background-size":"auto","background-attachment":"scroll","background-type":"","background-media":"","overlay-type":"","overlay-color":"","overlay-opacity":"","overlay-gradient":""},"tablet":{"background-color":"var(--ast-global-color-5)","background-image":"","background-repeat":"repeat","background-position":"center center","background-size":"auto","background-attachment":"scroll","background-type":"","background-media":"","overlay-type":"","overlay-color":"","overlay-opacity":"","overlay-gradient":""},"mobile":{"background-color":"var(--ast-global-color-5)","background-image":"","background-repeat":"repeat","background-position":"center center","background-size":"auto","background-attachment":"scroll","background-type":"","background-media":"","overlay-type":"","overlay-color":"","overlay-opacity":"","overlay-gradient":""}},"footnotes":""},"class_list":["post-790","page","type-page","status-publish","hentry"],"uagb_featured_image_src":{"full":false,"thumbnail":false,"medium":false,"medium_large":false,"large":false,"1536x1536":false,"2048x2048":false},"uagb_author_info":{"display_name":"admin-daismar","author_link":"https:\/\/ippubliart.com\/congresomeme\/author\/admin-daismar\/"},"uagb_comment_info":0,"uagb_excerpt":"Registro de Conferencista Nacido en 2019 en M\u00e9rida.Como una conversaci\u00f3n entre amigos, MEME se ha consolidado como un encuentro organizado [&hellip;]","_links":{"self":[{"href":"https:\/\/ippubliart.com\/congresomeme\/wp-json\/wp\/v2\/pages\/790","targetHints":{"allow":["GET"]}}],"collection":[{"href":"https:\/\/ippubliart.com\/congresomeme\/wp-json\/wp\/v2\/pages"}],"about":[{"href":"https:\/\/ippubliart.com\/congresomeme\/wp-json\/wp\/v2\/types\/page"}],"author":[{"embeddable":true,"href":"https:\/\/ippubliart.com\/congresomeme\/wp-json\/wp\/v2\/users\/1"}],"replies":[{"embeddable":true,"href":"https:\/\/ippubliart.com\/congresomeme\/wp-json\/wp\/v2\/comments?post=790"}],"version-history":[{"count":10,"href":"https:\/\/ippubliart.com\/congresomeme\/wp-json\/wp\/v2\/pages\/790\/revisions"}],"predecessor-version":[{"id":1077,"href":"https:\/\/ippubliart.com\/congresomeme\/wp-json\/wp\/v2\/pages\/790\/revisions\/1077"}],"wp:attachment":[{"href":"https:\/\/ippubliart.com\/congresomeme\/wp-json\/wp\/v2\/media?parent=790"}],"curies":[{"name":"wp","href":"https:\/\/api.w.org\/{rel}","templated":true}]}}