{"id":1001,"date":"2026-02-23T13:40:16","date_gmt":"2026-02-23T13:40:16","guid":{"rendered":"https:\/\/ippubliart.com\/eventos\/about\/"},"modified":"2026-02-26T18:40:06","modified_gmt":"2026-02-26T18:40:06","slug":"about","status":"publish","type":"page","link":"https:\/\/ippubliart.com\/eventos\/about\/","title":{"rendered":"About"},"content":{"rendered":"\n<div class=\"wp-block-uagb-container uagb-layout-flex uagb-block-edf9ad47 alignfull uagb-is-root-container\"><div class=\"uagb-container-inner-blocks-wrap\">\n<div class=\"wp-block-uagb-advanced-heading uagb-block-3472a125\"><p class=\"uagb-desc-text\">Descubre<\/p><h1 class=\"uagb-heading-text\">La esencia de nuestra agencia creativa<\/h1><\/div>\n<\/div><\/div>\n\n\n\n<div class=\"wp-block-uagb-container uagb-layout-grid uagb-block-4d6f7bc6 alignfull uagb-is-root-container\"><div class=\"uagb-container-inner-blocks-wrap\">\n<div class=\"wp-block-uagb-container uag-blocks-common-selector uagb-block-cd15dd85\">\n<div class=\"wp-block-uagb-container uagb-layout-grid uagb-block-5d04ff5d\">\n<div class=\"wp-block-uagb-counter uagb-block-0a848ec8 wp-block-uagb-counter--number\"><div class=\"wp-block-uagb-counter__number\"><span class=\"uagb-counter-block-number\" data-duration=\"1.5\" data-to-value=\"10\" data-from-value=\"0\" data-delimiter=\",\"><\/span><span class=\"uagb-counter-block-suffix\">+<\/span><\/div><div class=\"wp-block-uagb-counter__title\">A\u00f1os de Servicio<\/div><\/div>\n\n\n\n<div class=\"wp-block-uagb-counter uagb-block-7d9dbb1b wp-block-uagb-counter--number\"><div class=\"wp-block-uagb-counter__number\"><span class=\"uagb-counter-block-number\" data-duration=\"1.5\" data-to-value=\"300\" data-from-value=\"0\" data-delimiter=\",\"><\/span><span class=\"uagb-counter-block-suffix\">+<\/span><\/div><div class=\"wp-block-uagb-counter__title\">Clientes Satisfechos<\/div><\/div>\n\n\n\n<div class=\"wp-block-uagb-counter uagb-block-dcd108cc wp-block-uagb-counter--number\"><div class=\"wp-block-uagb-counter__number\"><span class=\"uagb-counter-block-number\" data-duration=\"1.5\" data-to-value=\"20\" data-from-value=\"0\" data-delimiter=\",\"><\/span><span class=\"uagb-counter-block-suffix\">+<\/span><\/div><div class=\"wp-block-uagb-counter__title\">Miembros del Equipo<\/div><\/div>\n<\/div>\n<\/div>\n\n\n\n<div class=\"wp-block-uagb-container uagb-layout-flex uagb-block-710d2867\">\n<div class=\"wp-block-uagb-advanced-heading uagb-block-e0053ad5\"><div class=\"uagb-separator\"><\/div><h2 class=\"uagb-heading-text\">Conoce m\u00e1s sobre Inversiones y Producciones Publiart<\/h2><\/div>\n\n\n\n<div class=\"wp-block-uagb-advanced-heading uagb-block-bad5ca24\"><p class=\"uagb-heading-text\">En Inversiones y Producciones Publiart, hemos logrado transformar ideas en eventos impactantes, ayudando a nuestros clientes a dejar una huella duradera en su audiencia.<\/p><p class=\"uagb-desc-text\">Desde nuestra sede en Valera, Estado Trujillo, hemos establecido un est\u00e1ndar en la promoci\u00f3n de eventos \u00fanicos, donde la creatividad y la estrategia se combinan para maximizar el potencial de cada experiencia, asegurando satisfacci\u00f3n y resultados tangibles para nuestros clientes.<\/p><\/div>\n<\/div>\n<\/div><\/div>\n\n\n\n<div class=\"wp-block-uagb-container uagb-layout-grid uagb-block-865e8d64 alignfull uagb-is-root-container\"><div class=\"uagb-container-inner-blocks-wrap\">\n<div class=\"wp-block-uagb-container uagb-block-111fe2a5\">\n<div class=\"wp-block-uagb-advanced-heading uagb-block-ece69056\"><div class=\"uagb-separator\"><\/div><h2 class=\"uagb-heading-text\">Nuestra trayectoria en el mundo de eventos<\/h2><\/div>\n\n\n\n<div class=\"wp-block-uagb-image uagb-block-662b3669 wp-block-uagb-image--layout-default wp-block-uagb-image--effect-static wp-block-uagb-image--align-none\"><figure class=\"wp-block-uagb-image__figure\"><img decoding=\"async\" srcset=\"https:\/\/ippubliart.com\/eventos\/wp-content\/uploads\/2026\/02\/pexels-photo-11677281.jpeg ,https:\/\/ippubliart.com\/eventos\/wp-content\/uploads\/2026\/02\/pexels-photo-11677281.jpeg 780w, https:\/\/ippubliart.com\/eventos\/wp-content\/uploads\/2026\/02\/pexels-photo-11677281.jpeg 360w\" sizes=\"auto, (max-width: 480px) 150px\" src=\"https:\/\/ippubliart.com\/eventos\/wp-content\/uploads\/2026\/02\/pexels-photo-11677281.jpeg\" alt=\"Elderly man smiling while holding a vibrant religious sign at an outdoor community event.\" class=\"uag-image-32\" width=\"420\" height=\"360\" title=\"our-story-01\" loading=\"lazy\" role=\"img\"\/><\/figure><\/div>\n\n\n\n<div class=\"wp-block-uagb-advanced-heading uagb-block-3f26eed6\"><p class=\"uagb-heading-text\">Inversiones y Producciones Publiart inici\u00f3 su camino hace varios a\u00f1os, enfoc\u00e1ndose en ofrecer servicios publicitarios innovadores y de alta calidad.<\/p><\/div>\n<\/div>\n\n\n\n<div class=\"wp-block-uagb-container uagb-block-cb5e2b35\">\n<div class=\"wp-block-uagb-image uagb-block-0e82fca4 wp-block-uagb-image--layout-default wp-block-uagb-image--effect-static wp-block-uagb-image--align-none\"><figure class=\"wp-block-uagb-image__figure\"><img decoding=\"async\" srcset=\"https:\/\/ippubliart.com\/eventos\/wp-content\/uploads\/2026\/02\/pexels-photo-5556277.jpeg ,https:\/\/ippubliart.com\/eventos\/wp-content\/uploads\/2026\/02\/pexels-photo-5556277.jpeg 780w, https:\/\/ippubliart.com\/eventos\/wp-content\/uploads\/2026\/02\/pexels-photo-5556277.jpeg 360w\" sizes=\"auto, (max-width: 480px) 150px\" src=\"https:\/\/ippubliart.com\/eventos\/wp-content\/uploads\/2026\/02\/pexels-photo-5556277.jpeg\" alt=\"Sophisticated black shopping bag with striped tissue paper on dark background, perfect for luxury retail themes.\" class=\"uag-image-33\" width=\"700\" height=\"480\" title=\"our-story-02\" loading=\"lazy\" role=\"img\"\/><\/figure><\/div>\n\n\n\n<div class=\"wp-block-uagb-advanced-heading uagb-block-da9e8962\"><p class=\"uagb-heading-text\">Desde su fundaci\u00f3n, Publiart ha evolucionado constantemente, adapt\u00e1ndose a las tendencias del mercado y expandiendo sus servicios. Con un equipo apasionado, la agencia ha organizado numerosos eventos exitosos, tanto a nivel local como regional, gan\u00e1ndose la confianza de diversas marcas. Nuestro compromiso es seguir creando experiencias memorables que conecten a las marcas con su p\u00fablico.<\/p><\/div>\n<\/div>\n<\/div><\/div>\n\n\n\n<div class=\"wp-block-uagb-container uagb-block-35e76e5a alignfull uagb-is-root-container\"><div class=\"uagb-container-inner-blocks-wrap\">\n<div class=\"wp-block-uagb-advanced-heading uagb-block-033bb87d\"><div class=\"uagb-separator\"><\/div><h2 class=\"uagb-heading-text\">Nuestros valores fundamentales<\/h2><\/div>\n\n\n\n<div class=\"wp-block-uagb-container uagb-layout-grid uagb-block-2cffa28f\">\n<div class=\"wp-block-uagb-advanced-heading uagb-block-3f19ab45\"><h3 class=\"uagb-heading-text\">Creatividad<\/h3><p class=\"uagb-desc-text\">Fomentamos la innovaci\u00f3n y la originalidad en cada proyecto, marcando la diferencia en la experiencia de nuestros clientes.<\/p><\/div>\n\n\n\n<div class=\"wp-block-uagb-advanced-heading uagb-block-69e55059\"><h3 class=\"uagb-heading-text\">Colaboraci\u00f3n<\/h3><p class=\"uagb-desc-text\">Trabajamos de la mano con nuestros clientes para entender sus necesidades y superar sus expectativas en cada evento.<\/p><\/div>\n\n\n\n<div class=\"wp-block-uagb-advanced-heading uagb-block-8057f46e\"><h3 class=\"uagb-heading-text\">Compromiso<\/h3><p class=\"uagb-desc-text\">Garantizamos un enfoque detallado y responsable en la gesti\u00f3n de eventos, asegurando el \u00e9xito y la satisfacci\u00f3n de nuestros clientes.<\/p><\/div>\n<\/div>\n<\/div><\/div>\n\n\n\n<div class=\"wp-block-uagb-container uagb-block-f89950f8 alignfull uagb-is-root-container\"><div class=\"uagb-container-inner-blocks-wrap\">\n<div class=\"wp-block-uagb-advanced-heading uagb-block-09a138d5\"><div class=\"uagb-separator\"><\/div><h2 class=\"uagb-heading-text\">Nuestro equipo de expertos en acci\u00f3n<\/h2><\/div>\n\n\n\n<div class=\"wp-block-uagb-container uagb-layout-grid uagb-block-dc1f97af\">\n<div class=\"wp-block-uagb-container uagb-block-b8e9b441\">\n<div class=\"wp-block-uagb-image uagb-block-df73bd2b wp-block-uagb-image--layout-default wp-block-uagb-image--effect-static wp-block-uagb-image--align-none\"><figure class=\"wp-block-uagb-image__figure\"><img decoding=\"async\" srcset=\"https:\/\/ippubliart.com\/eventos\/wp-content\/uploads\/2024\/10\/team-skip-01.jpg ,https:\/\/ippubliart.com\/eventos\/wp-content\/uploads\/2024\/10\/team-skip-01.jpg 780w, https:\/\/ippubliart.com\/eventos\/wp-content\/uploads\/2024\/10\/team-skip-01.jpg 360w\" sizes=\"auto, (max-width: 480px) 150px\" src=\"https:\/\/ippubliart.com\/eventos\/wp-content\/uploads\/2024\/10\/team-skip-01.jpg\" alt=\"\" class=\"uag-image-731\" width=\"285\" height=\"340\" title=\"team-skip-01\" loading=\"lazy\" role=\"img\"\/><\/figure><\/div>\n\n\n\n<div class=\"wp-block-uagb-advanced-heading uagb-block-f4f25bbe\"><p class=\"uagb-desc-text\">Detailer Principal<\/p><p class=\"uagb-heading-text\">Sophia Mart\u00ednez<\/p><\/div>\n<\/div>\n\n\n\n<div class=\"wp-block-uagb-container uagb-block-de66814e\">\n<div class=\"wp-block-uagb-image uagb-block-1c4b8034 wp-block-uagb-image--layout-default wp-block-uagb-image--effect-static wp-block-uagb-image--align-none\"><figure class=\"wp-block-uagb-image__figure\"><img decoding=\"async\" srcset=\"https:\/\/ippubliart.com\/eventos\/wp-content\/uploads\/2024\/10\/team-skip-02.jpg ,https:\/\/ippubliart.com\/eventos\/wp-content\/uploads\/2024\/10\/team-skip-02.jpg 780w, https:\/\/ippubliart.com\/eventos\/wp-content\/uploads\/2024\/10\/team-skip-02.jpg 360w\" sizes=\"auto, (max-width: 480px) 150px\" src=\"https:\/\/ippubliart.com\/eventos\/wp-content\/uploads\/2024\/10\/team-skip-02.jpg\" alt=\"\" class=\"uag-image-734\" width=\"285\" height=\"340\" title=\"team-skip-02\" loading=\"lazy\" role=\"img\"\/><\/figure><\/div>\n\n\n\n<div class=\"wp-block-uagb-advanced-heading uagb-block-cfd5e1d2\"><p class=\"uagb-desc-text\">Experto en Interiores<\/p><p class=\"uagb-heading-text\">John Smith<\/p><\/div>\n<\/div>\n\n\n\n<div class=\"wp-block-uagb-container uagb-block-5c9c9c45\">\n<div class=\"wp-block-uagb-image uagb-block-3e9a3422 wp-block-uagb-image--layout-default wp-block-uagb-image--effect-static wp-block-uagb-image--align-none\"><figure class=\"wp-block-uagb-image__figure\"><img decoding=\"async\" srcset=\"https:\/\/ippubliart.com\/eventos\/wp-content\/uploads\/2024\/10\/team-skip-03.jpg ,https:\/\/ippubliart.com\/eventos\/wp-content\/uploads\/2024\/10\/team-skip-03.jpg 780w, https:\/\/ippubliart.com\/eventos\/wp-content\/uploads\/2024\/10\/team-skip-03.jpg 360w\" sizes=\"auto, (max-width: 480px) 150px\" src=\"https:\/\/ippubliart.com\/eventos\/wp-content\/uploads\/2024\/10\/team-skip-03.jpg\" alt=\"\" class=\"uag-image-735\" width=\"285\" height=\"340\" title=\"team-skip-03\" loading=\"lazy\" role=\"img\"\/><\/figure><\/div>\n\n\n\n<div class=\"wp-block-uagb-advanced-heading uagb-block-e082ad6e\"><p class=\"uagb-desc-text\">Lavado Principal<\/p><p class=\"uagb-heading-text\">Michael Brown<\/p><\/div>\n<\/div>\n\n\n\n<div class=\"wp-block-uagb-container uagb-block-8827912d\">\n<div class=\"wp-block-uagb-image uagb-block-3c2bc91b wp-block-uagb-image--layout-default wp-block-uagb-image--effect-static wp-block-uagb-image--align-none\"><figure class=\"wp-block-uagb-image__figure\"><img decoding=\"async\" srcset=\"https:\/\/ippubliart.com\/eventos\/wp-content\/uploads\/2024\/10\/team-skip-04.jpg ,https:\/\/ippubliart.com\/eventos\/wp-content\/uploads\/2024\/10\/team-skip-04.jpg 780w, https:\/\/ippubliart.com\/eventos\/wp-content\/uploads\/2024\/10\/team-skip-04.jpg 360w\" sizes=\"auto, (max-width: 480px) 150px\" src=\"https:\/\/ippubliart.com\/eventos\/wp-content\/uploads\/2024\/10\/team-skip-04.jpg\" alt=\"\" class=\"uag-image-736\" width=\"285\" height=\"340\" title=\"team-skip-04\" loading=\"lazy\" role=\"img\"\/><\/figure><\/div>\n\n\n\n<div class=\"wp-block-uagb-advanced-heading uagb-block-8c24b6af\"><p class=\"uagb-desc-text\">Experto en Exteriores<\/p><p class=\"uagb-heading-text\">David Wilson<\/p><\/div>\n<\/div>\n<\/div>\n<\/div><\/div>\n\n\n\n<div class=\"wp-block-uagb-container uagb-layout-grid uagb-block-f53bf43e alignfull uagb-is-root-container\"><div class=\"uagb-container-inner-blocks-wrap\">\n<div class=\"wp-block-uagb-container uagb-block-71b6a274\">\n<div class=\"wp-block-uagb-container uagb-block-002f0fbb\">\n<div class=\"wp-block-uagb-info-box uagb-block-3a49aeb9 uagb-infobox__content-wrap  uagb-infobox_cta-type-all uagb-infobox-icon-above-title uagb-infobox-image-valign-top wp-block-uagb-info-box--has-margin\"><div class=\"uagb-infobox-margin-wrapper\"><a href=\"\/contact\" class=\"uagb-infobox-link-wrap uagb-infbox__link-to-all\" target=\"_self\" aria-label=\"Infobox Link\" rel=\"noopener noreferrer\" onclick=\"return true;\"><\/a><div class=\"uagb-ifb-content\"><div class=\"uagb-ifb-separator\"><\/div><div class=\"uagb-ifb-title-wrap\"><h1 class=\"uagb-ifb-title\">Conecta Con <br>Tu P\u00fablico Hoy<\/h1><\/div><p class=\"uagb-ifb-desc\">Cont\u00e1ctanos y descubre c\u00f3mo podemos hacer tu evento memorable y exitoso.<\/p><div class=\"uagb-ifb-button-wrapper wp-block-button\"><\/div><\/div><\/div><\/div>\n\n\n\n<div class=\"wp-block-uagb-buttons uagb-buttons__outer-wrap uagb-btn__default-btn uagb-btn-tablet__default-btn uagb-btn-mobile__default-btn uagb-block-70521398\"><div class=\"uagb-buttons__wrap uagb-buttons-layout-wrap \">\n<div class=\"wp-block-uagb-buttons-child uagb-buttons__outer-wrap uagb-block-800df4d2 wp-block-button\"><div class=\"uagb-button__wrapper\"><a class=\"uagb-buttons-repeater wp-block-button__link\" aria-label=\"\" href=\"https:\/\/ippubliart.com\/eventos\/contact\/\" rel=\"follow noopener\" target=\"_self\" role=\"button\"><div class=\"uagb-button__link\">Cont\u00e1ctanos<\/div><\/a><\/div><\/div>\n<\/div><\/div>\n<\/div>\n<\/div>\n\n\n\n<div class=\"wp-block-uagb-container uagb-layout-grid uagb-block-43651d8c\">\n<div class=\"wp-block-uagb-advanced-heading uagb-block-852a4737\"><p class=\"uagb-desc-text\">N\u00famero de Tel\u00e9fono<\/p><p class=\"uagb-heading-text\">+58 426-477.44.50 | 0424 &#8211; 715.63.74<\/p><\/div>\n\n\n\n<div class=\"wp-block-uagb-advanced-heading uagb-block-ee864814\"><p class=\"uagb-desc-text\">Direcci\u00f3n<\/p><p class=\"uagb-heading-text\">Nivel Oficina Mall III, CC Plaza, Avenida 6, Calles 25, Local L-OFIC 07 Y 25A, Valera 3101, Trujillo<\/p><\/div>\n\n\n\n<div class=\"wp-block-uagb-info-box uagb-block-13ef44d6 uagb-infobox__content-wrap  uagb-infobox-icon-above-title uagb-infobox-image-valign-top wp-block-uagb-info-box--has-margin\"><div class=\"uagb-infobox-margin-wrapper\"><div class=\"uagb-ifb-content\"><div class=\"uagb-ifb-title-wrap\"><p class=\"uagb-ifb-title-prefix\">Horas de Trabajo<\/p><p class=\"uagb-ifb-title\">Lun-S\u00e1b: 8AM-6PM<\/p><\/div><p class=\"uagb-ifb-desc\">Domingo: Cerrado<\/p><\/div><\/div><\/div>\n<\/div>\n<\/div><\/div>\n","protected":false},"excerpt":{"rendered":"<p>Descubre La esencia de nuestra agencia creativa Conoce m\u00e1s sobre Inversiones y Producciones Publiart En Inversiones y Producciones Publiart, hemos [&hellip;]<\/p>\n","protected":false},"author":1,"featured_media":0,"parent":0,"menu_order":0,"comment_status":"closed","ping_status":"closed","template":"","meta":{"_uag_custom_page_level_css":"","site-sidebar-layout":"default","site-content-layout":"","ast-site-content-layout":"default","site-content-style":"default","site-sidebar-style":"default","ast-global-header-display":"","ast-banner-title-visibility":"","ast-main-header-display":"","ast-hfb-above-header-display":"","ast-hfb-below-header-display":"","ast-hfb-mobile-header-display":"","site-post-title":"disabled","ast-breadcrumbs-content":"","ast-featured-img":"","footer-sml-layout":"","ast-disable-related-posts":"","theme-transparent-header-meta":"enabled","adv-header-id-meta":"","stick-header-meta":"","header-above-stick-meta":"","header-main-stick-meta":"","header-below-stick-meta":"","astra-migrate-meta-layouts":"default","ast-page-background-enabled":"default","ast-page-background-meta":{"desktop":{"background-color":"var(--ast-global-color-5)","background-image":"","background-repeat":"repeat","background-position":"center center","background-size":"auto","background-attachment":"scroll","background-type":"","background-media":"","overlay-type":"","overlay-color":"","overlay-opacity":"","overlay-gradient":""},"tablet":{"background-color":"","background-image":"","background-repeat":"repeat","background-position":"center center","background-size":"auto","background-attachment":"scroll","background-type":"","background-media":"","overlay-type":"","overlay-color":"","overlay-opacity":"","overlay-gradient":""},"mobile":{"background-color":"","background-image":"","background-repeat":"repeat","background-position":"center center","background-size":"auto","background-attachment":"scroll","background-type":"","background-media":"","overlay-type":"","overlay-color":"","overlay-opacity":"","overlay-gradient":""}},"ast-content-background-meta":{"desktop":{"background-color":"var(--ast-global-color-4)","background-image":"","background-repeat":"repeat","background-position":"center center","background-size":"auto","background-attachment":"scroll","background-type":"","background-media":"","overlay-type":"","overlay-color":"","overlay-opacity":"","overlay-gradient":""},"tablet":{"background-color":"var(--ast-global-color-4)","background-image":"","background-repeat":"repeat","background-position":"center center","background-size":"auto","background-attachment":"scroll","background-type":"","background-media":"","overlay-type":"","overlay-color":"","overlay-opacity":"","overlay-gradient":""},"mobile":{"background-color":"var(--ast-global-color-4)","background-image":"","background-repeat":"repeat","background-position":"center center","background-size":"auto","background-attachment":"scroll","background-type":"","background-media":"","overlay-type":"","overlay-color":"","overlay-opacity":"","overlay-gradient":""}},"footnotes":""},"class_list":["post-1001","page","type-page","status-publish","hentry"],"uagb_featured_image_src":{"full":false,"thumbnail":false,"medium":false,"medium_large":false,"large":false,"1536x1536":false,"2048x2048":false,"woocommerce_thumbnail":false,"woocommerce_single":false,"woocommerce_gallery_thumbnail":false},"uagb_author_info":{"display_name":"admin-daismar","author_link":"https:\/\/ippubliart.com\/eventos\/author\/admin-daismar\/"},"uagb_comment_info":0,"uagb_excerpt":"Descubre La esencia de nuestra agencia creativa Conoce m\u00e1s sobre Inversiones y Producciones Publiart En Inversiones y Producciones Publiart, hemos [&hellip;]","_links":{"self":[{"href":"https:\/\/ippubliart.com\/eventos\/wp-json\/wp\/v2\/pages\/1001","targetHints":{"allow":["GET"]}}],"collection":[{"href":"https:\/\/ippubliart.com\/eventos\/wp-json\/wp\/v2\/pages"}],"about":[{"href":"https:\/\/ippubliart.com\/eventos\/wp-json\/wp\/v2\/types\/page"}],"author":[{"embeddable":true,"href":"https:\/\/ippubliart.com\/eventos\/wp-json\/wp\/v2\/users\/1"}],"replies":[{"embeddable":true,"href":"https:\/\/ippubliart.com\/eventos\/wp-json\/wp\/v2\/comments?post=1001"}],"version-history":[{"count":4,"href":"https:\/\/ippubliart.com\/eventos\/wp-json\/wp\/v2\/pages\/1001\/revisions"}],"predecessor-version":[{"id":1204,"href":"https:\/\/ippubliart.com\/eventos\/wp-json\/wp\/v2\/pages\/1001\/revisions\/1204"}],"wp:attachment":[{"href":"https:\/\/ippubliart.com\/eventos\/wp-json\/wp\/v2\/media?parent=1001"}],"curies":[{"name":"wp","href":"https:\/\/api.w.org\/{rel}","templated":true}]}}