{"id":1180,"date":"2026-02-26T14:25:49","date_gmt":"2026-02-26T14:25:49","guid":{"rendered":"https:\/\/ippubliart.com\/eventos\/?post_type=product&#038;p=1180"},"modified":"2026-02-26T14:39:47","modified_gmt":"2026-02-26T14:39:47","slug":"%f0%9f%93%9dcurso-online-construye-tu-marca-personal-y-alcanza-el-exito-nivel-i-con-katiuska-gonzalez","status":"publish","type":"product","link":"https:\/\/ippubliart.com\/eventos\/producto\/%f0%9f%93%9dcurso-online-construye-tu-marca-personal-y-alcanza-el-exito-nivel-i-con-katiuska-gonzalez\/","title":{"rendered":"\ud83d\udcddCurso Online: Construye tu Marca Personal y Alcanza el \u00c9xito | Nivel I | Con Katiuska Gonz\u00e1lez"},"content":{"rendered":"<p data-start=\"750\" data-end=\"1343\"><strong data-start=\"621\" data-end=\"670\">\ud83c\udf93 \u00bfQu\u00e9 es el Curso Online de Marca Personal?<\/strong><br data-start=\"670\" data-end=\"673\" \/>El <strong data-start=\"676\" data-end=\"750\">Curso Online: Construye tu Marca Personal y Alcanza el \u00c9xito | Nivel I<\/strong> es una capacitaci\u00f3n exclusiva dirigida por <strong data-start=\"794\" data-end=\"815\">Katiuska Gonz\u00e1lez<\/strong>, experta en desarrollo personal y marketing. Este curso est\u00e1 dise\u00f1ado para ayudarte a convertir tu <strong data-start=\"915\" data-end=\"925\">nombre<\/strong> en <strong data-start=\"929\" data-end=\"948\">tu mejor activo<\/strong>, potenciando tu presencia digital y abriendo las puertas a las oportunidades que siempre has so\u00f1ado.<\/p>\n<hr \/>\n<p data-start=\"1345\" data-end=\"1383\"><strong data-start=\"1051\" data-end=\"1081\">\ud83d\udcda \u00bfQu\u00e9 contiene el curso?<\/strong><br data-start=\"1081\" data-end=\"1084\" \/>Este curso <strong data-start=\"1095\" data-end=\"1110\">100% online<\/strong> incluye lecciones pr\u00e1cticas, estrategias efectivas y herramientas claves para que puedas crear y gestionar tu propia <strong data-start=\"1228\" data-end=\"1246\">Marca Personal<\/strong> de manera profesional.<\/p>\n<hr \/>\n<p data-start=\"1749\" data-end=\"2063\"><strong data-start=\"1272\" data-end=\"1306\">\ud83c\udfaf \u00bfPara qu\u00e9 sirve este curso?<\/strong><br data-start=\"1306\" data-end=\"1309\" \/>Este curso te brindar\u00e1 las claves para <strong data-start=\"1348\" data-end=\"1365\">diferenciarte<\/strong> y destacarte en un mercado competitivo. Aprender\u00e1s c\u00f3mo construir una imagen s\u00f3lida, comunicarte de manera efectiva y crear una marca que atraiga la atenci\u00f3n de tu audiencia objetivo.<\/p>\n<hr \/>\n<p data-start=\"1551\" data-end=\"1581\"><strong data-start=\"1551\" data-end=\"1581\">\ud83d\udeab Problemas que resuelve:<\/strong><\/p>\n<ul>\n<li data-start=\"1584\" data-end=\"1641\"><strong data-start=\"1584\" data-end=\"1641\">\ud83d\udeab Dificultad para destacar en plataformas digitales.<\/strong><\/li>\n<li data-start=\"1644\" data-end=\"1729\"><strong data-start=\"1644\" data-end=\"1729\">\ud83d\udcc9 Desconocimiento de c\u00f3mo construir una Marca Personal coherente y efectiva.<\/strong><\/li>\n<li data-start=\"1732\" data-end=\"1827\">**\ud83d\udd04 Desconocimiento de las herramientas y estrategias que permiten hacer crecer una <strong data-start=\"1817\" data-end=\"1826\">marca<\/strong>.<\/li>\n<\/ul>\n<hr \/>\n<p data-start=\"1829\" data-end=\"1859\"><strong data-start=\"1829\" data-end=\"1859\">\ud83d\udca1 Beneficios principales:<\/strong><\/p>\n<ul>\n<li data-start=\"1862\" data-end=\"1919\"><strong data-start=\"1862\" data-end=\"1919\">\ud83c\udf1f Construcci\u00f3n de una Marca Personal s\u00f3lida y \u00fanica.<\/strong><\/li>\n<li data-start=\"1922\" data-end=\"1993\"><strong data-start=\"1922\" data-end=\"1961\">\ud83e\uddf0 Estrategias de marketing digital<\/strong> adaptadas a tu perfil personal.<\/li>\n<li data-start=\"1996\" data-end=\"2084\"><strong data-start=\"1996\" data-end=\"2026\">\ud83d\udcc8 Crecimiento profesional<\/strong> a trav\u00e9s de una identidad de marca coherente y aut\u00e9ntica.<\/li>\n<li data-start=\"2087\" data-end=\"2178\"><strong data-start=\"2087\" data-end=\"2122\">\ud83d\udcf1 Acceso a recursos exclusivos<\/strong> que te permitir\u00e1n destacarte y tener \u00e9xito en tu campo.<\/li>\n<\/ul>\n<hr \/>\n<p data-start=\"2609\" data-end=\"2942\"><strong data-start=\"2180\" data-end=\"2213\">\ud83d\udc68\u200d\ud83d\udcbc \u00bfA qui\u00e9n est\u00e1 dirigido?<\/strong><br data-start=\"2213\" data-end=\"2216\" \/>Este curso est\u00e1 dirigido a <strong data-start=\"2243\" data-end=\"2260\">emprendedores<\/strong>, <strong data-start=\"2262\" data-end=\"2279\">profesionales<\/strong> y <strong data-start=\"2282\" data-end=\"2297\">estudiantes<\/strong> que desean construir su <strong data-start=\"2322\" data-end=\"2340\">Marca Personal<\/strong> para alcanzar el \u00e9xito y ser reconocidos en su industria o \u00e1rea de inter\u00e9s. Si eres una persona que quiere mejorar su presencia en l\u00ednea y destacarse, este curso es para ti.<\/p>\n<hr \/>\n<p data-start=\"2516\" data-end=\"2776\"><strong data-start=\"2516\" data-end=\"2540\">\ud83c\udf10 \u00bfPor qu\u00e9 es \u00fatil?<\/strong><br data-start=\"2540\" data-end=\"2543\" \/>En la era digital, tener una <strong data-start=\"2572\" data-end=\"2590\">Marca Personal<\/strong> es clave para abrir puertas y alcanzar el \u00e9xito. Este curso te brindar\u00e1 <strong data-start=\"2663\" data-end=\"2701\">estrategias pr\u00e1cticas y aplicables<\/strong> para destacarte de manera profesional y generar confianza en tu audiencia.<\/p>\n","protected":false},"excerpt":{"rendered":"<p>\u00a1Convierte tu nombre en tu mejor activo! \u00danete al <strong data-start=\"368\" data-end=\"384\">Curso Online<\/strong> con <strong data-start=\"389\" data-end=\"410\">Katiuska Gonz\u00e1lez<\/strong> y aprende a construir una <strong data-start=\"437\" data-end=\"455\">Marca Personal<\/strong> exitosa. <strong data-start=\"465\" data-end=\"478\">\ud83d\udcc5 Fecha:<\/strong> 16 de abril. \u00a1Aprovecha esta oportunidad \u00fanica de crecimiento personal y profesional!<\/p>\n","protected":false},"featured_media":1181,"comment_status":"open","ping_status":"closed","template":"","meta":{"_uag_custom_page_level_css":"","site-sidebar-layout":"default","site-content-layout":"","ast-site-content-layout":"default","site-content-style":"default","site-sidebar-style":"default","ast-global-header-display":"","ast-banner-title-visibility":"","ast-main-header-display":"","ast-hfb-above-header-display":"","ast-hfb-below-header-display":"","ast-hfb-mobile-header-display":"","site-post-title":"","ast-breadcrumbs-content":"","ast-featured-img":"","footer-sml-layout":"","ast-disable-related-posts":"","theme-transparent-header-meta":"default","adv-header-id-meta":"","stick-header-meta":"","header-above-stick-meta":"","header-main-stick-meta":"","header-below-stick-meta":"","astra-migrate-meta-layouts":"set","ast-page-background-enabled":"default","ast-page-background-meta":{"desktop":{"background-color":"var(--ast-global-color-5)","background-image":"","background-repeat":"repeat","background-position":"center center","background-size":"auto","background-attachment":"scroll","background-type":"","background-media":"","overlay-type":"","overlay-color":"","overlay-opacity":"","overlay-gradient":""},"tablet":{"background-color":"","background-image":"","background-repeat":"repeat","background-position":"center center","background-size":"auto","background-attachment":"scroll","background-type":"","background-media":"","overlay-type":"","overlay-color":"","overlay-opacity":"","overlay-gradient":""},"mobile":{"background-color":"","background-image":"","background-repeat":"repeat","background-position":"center center","background-size":"auto","background-attachment":"scroll","background-type":"","background-media":"","overlay-type":"","overlay-color":"","overlay-opacity":"","overlay-gradient":""}},"ast-content-background-meta":{"desktop":{"background-color":"var(--ast-global-color-4)","background-image":"","background-repeat":"repeat","background-position":"center center","background-size":"auto","background-attachment":"scroll","background-type":"","background-media":"","overlay-type":"","overlay-color":"","overlay-opacity":"","overlay-gradient":""},"tablet":{"background-color":"var(--ast-global-color-4)","background-image":"","background-repeat":"repeat","background-position":"center center","background-size":"auto","background-attachment":"scroll","background-type":"","background-media":"","overlay-type":"","overlay-color":"","overlay-opacity":"","overlay-gradient":""},"mobile":{"background-color":"var(--ast-global-color-4)","background-image":"","background-repeat":"repeat","background-position":"center center","background-size":"auto","background-attachment":"scroll","background-type":"","background-media":"","overlay-type":"","overlay-color":"","overlay-opacity":"","overlay-gradient":""}}},"product_brand":[59,58,56,57],"product_cat":[55,22],"product_tag":[64,63,66,60,62,65,67,61],"class_list":{"0":"post-1180","1":"product","2":"type-product","3":"status-publish","4":"has-post-thumbnail","6":"product_brand-branding-personal","7":"product_brand-curso-online-de-marca-personal","8":"product_brand-katiuska-gonzalez","9":"product_brand-marca-personal","10":"product_cat-curso-online","11":"product_cat-eventos","12":"product_tag-branding-personal","13":"product_tag-construir-marca-personal","14":"product_tag-curso-de-branding-digital","15":"product_tag-curso-de-marca-personal","16":"product_tag-curso-online-marca-personal","17":"product_tag-desarrollo-personal-online","18":"product_tag-estrategias-para-marca-personal","19":"product_tag-katiuska-gonzalez","20":"desktop-align-left","21":"tablet-align-left","22":"mobile-align-left","24":"first","25":"instock","26":"virtual","27":"purchasable","28":"product-type-simple"},"uagb_featured_image_src":{"full":["https:\/\/ippubliart.com\/eventos\/wp-content\/uploads\/2026\/02\/POST-KATI.jpg",1080,1080,false],"thumbnail":["https:\/\/ippubliart.com\/eventos\/wp-content\/uploads\/2026\/02\/POST-KATI-150x150.jpg",150,150,true],"medium":["https:\/\/ippubliart.com\/eventos\/wp-content\/uploads\/2026\/02\/POST-KATI-300x300.jpg",300,300,true],"medium_large":["https:\/\/ippubliart.com\/eventos\/wp-content\/uploads\/2026\/02\/POST-KATI-768x768.jpg",768,768,true],"large":["https:\/\/ippubliart.com\/eventos\/wp-content\/uploads\/2026\/02\/POST-KATI-1024x1024.jpg",1024,1024,true],"1536x1536":["https:\/\/ippubliart.com\/eventos\/wp-content\/uploads\/2026\/02\/POST-KATI.jpg",1080,1080,false],"2048x2048":["https:\/\/ippubliart.com\/eventos\/wp-content\/uploads\/2026\/02\/POST-KATI.jpg",1080,1080,false],"woocommerce_thumbnail":["https:\/\/ippubliart.com\/eventos\/wp-content\/uploads\/2026\/02\/POST-KATI-300x300.jpg",300,300,true],"woocommerce_single":["https:\/\/ippubliart.com\/eventos\/wp-content\/uploads\/2026\/02\/POST-KATI-600x600.jpg",600,600,true],"woocommerce_gallery_thumbnail":["https:\/\/ippubliart.com\/eventos\/wp-content\/uploads\/2026\/02\/POST-KATI-100x100.jpg",100,100,true]},"uagb_author_info":{"display_name":"admin-daismar","author_link":"https:\/\/ippubliart.com\/eventos\/author\/"},"uagb_comment_info":0,"uagb_excerpt":"\u00a1Convierte tu nombre en tu mejor activo! \u00danete al Curso Online con Katiuska Gonz\u00e1lez y aprende a construir una Marca Personal exitosa. \ud83d\udcc5 Fecha: 16 de abril. \u00a1Aprovecha esta oportunidad \u00fanica de crecimiento personal y profesional!","_links":{"self":[{"href":"https:\/\/ippubliart.com\/eventos\/wp-json\/wp\/v2\/product\/1180","targetHints":{"allow":["GET"]}}],"collection":[{"href":"https:\/\/ippubliart.com\/eventos\/wp-json\/wp\/v2\/product"}],"about":[{"href":"https:\/\/ippubliart.com\/eventos\/wp-json\/wp\/v2\/types\/product"}],"replies":[{"embeddable":true,"href":"https:\/\/ippubliart.com\/eventos\/wp-json\/wp\/v2\/comments?post=1180"}],"wp:featuredmedia":[{"embeddable":true,"href":"https:\/\/ippubliart.com\/eventos\/wp-json\/wp\/v2\/media\/1181"}],"wp:attachment":[{"href":"https:\/\/ippubliart.com\/eventos\/wp-json\/wp\/v2\/media?parent=1180"}],"wp:term":[{"taxonomy":"product_brand","embeddable":true,"href":"https:\/\/ippubliart.com\/eventos\/wp-json\/wp\/v2\/product_brand?post=1180"},{"taxonomy":"product_cat","embeddable":true,"href":"https:\/\/ippubliart.com\/eventos\/wp-json\/wp\/v2\/product_cat?post=1180"},{"taxonomy":"product_tag","embeddable":true,"href":"https:\/\/ippubliart.com\/eventos\/wp-json\/wp\/v2\/product_tag?post=1180"}],"curies":[{"name":"wp","href":"https:\/\/api.w.org\/{rel}","templated":true}]}}